{"id":1040,"date":"2026-01-15T10:54:20","date_gmt":"2026-01-15T09:54:20","guid":{"rendered":"https:\/\/structiv3d.com\/services-3\/"},"modified":"2026-01-15T10:54:25","modified_gmt":"2026-01-15T09:54:25","slug":"services-3","status":"publish","type":"page","link":"https:\/\/structiv3d.com\/en\/services-3\/","title":{"rendered":"Services"},"content":{"rendered":"<div data-elementor-type=\"wp-page\" data-elementor-id=\"1040\" class=\"elementor elementor-1040\">\n\t\t\t\t<div class=\"elementor-element elementor-element-a7744ef e-flex e-con-boxed e-con e-parent\" data-id=\"a7744ef\" data-element_type=\"container\" data-settings=\"{&quot;background_background&quot;:&quot;classic&quot;}\">\n\t\t\t\t\t<div class=\"e-con-inner\">\n\t\t<div class=\"elementor-element elementor-element-0035bd5 e-con-full e-flex e-con e-child\" data-id=\"0035bd5\" data-element_type=\"container\">\n\t\t\t\t<div class=\"elementor-element elementor-element-0a3702a elementor-widget elementor-widget-heading\" data-id=\"0a3702a\" data-element_type=\"widget\" data-widget_type=\"heading.default\">\n\t\t\t\t<div class=\"elementor-widget-container\">\n\t\t\t\t\t<h2 class=\"elementor-heading-title elementor-size-default\">D\u00e9couvrez nos services 3D<\/h2>\t\t\t\t<\/div>\n\t\t\t\t<\/div>\n\t\t\t\t<div class=\"elementor-element elementor-element-ed61117 elementor-widget elementor-widget-text-editor\" data-id=\"ed61117\" data-element_type=\"widget\" data-widget_type=\"text-editor.default\">\n\t\t\t\t<div class=\"elementor-widget-container\">\n\t\t\t\t\t\t\t\t\t<p>Structiv3D vous offre une expertise in\u00e9gal\u00e9e en mod\u00e9lisation, cin\u00e9matiques, effets visuels et rendus architecturaux. Faites confiance \u00e0 nos professionnels pour donner vie \u00e0 vos projets de mani\u00e8re moderne et haut de gamme.<\/p>\t\t\t\t\t\t\t\t<\/div>\n\t\t\t\t<\/div>\n\t\t\t\t<\/div>\n\t\t\t\t\t<\/div>\n\t\t\t\t<\/div>\n\t\t<div class=\"elementor-element elementor-element-8c0d644 e-con-full e-flex e-con e-parent\" data-id=\"8c0d644\" data-element_type=\"container\" data-settings=\"{&quot;background_background&quot;:&quot;classic&quot;}\">\n\t\t<div class=\"elementor-element elementor-element-96b1824 e-con-full e-flex e-con e-child\" data-id=\"96b1824\" data-element_type=\"container\" data-settings=\"{&quot;background_background&quot;:&quot;classic&quot;}\">\n\t\t\t\t<div class=\"elementor-element elementor-element-9fac6f0 elementor-widget elementor-widget-icon-box\" data-id=\"9fac6f0\" data-element_type=\"widget\" data-widget_type=\"icon-box.default\">\n\t\t\t\t<div class=\"elementor-widget-container\">\n\t\t\t\t\t\t\t<div class=\"elementor-icon-box-wrapper\">\n\n\t\t\t\n\t\t\t\t\t\t<div class=\"elementor-icon-box-content\">\n\n\t\t\t\t\t\t\t\t\t<h3 class=\"elementor-icon-box-title\">\n\t\t\t\t\t\t<span  >\n\t\t\t\t\t\t\tMod\u00e9lisation 3D de Pr\u00e9cision\t\t\t\t\t\t<\/span>\n\t\t\t\t\t<\/h3>\n\t\t\t\t\n\t\t\t\t\t\t\t\t\t<p class=\"elementor-icon-box-description\">\n\t\t\t\t\t\tChez Structiv3D, nous allions innovation et savoir-faire pour vous offrir des mod\u00e8les 3D d\u2019une grande pr\u00e9cision. Notre expertise se refl\u00e8te dans chaque projet, qu'il s'agisse de cin\u00e9matiques captivantes ou de rendus architecturaux \u00e9poustouflants. D\u00e9couvrez notre galerie pour explorer nos r\u00e9alisations, o\u00f9 chaque image raconte une histoire de cr\u00e9ativit\u00e9 et d\u2019ing\u00e9niosit\u00e9. Transformez vos id\u00e9es en r\u00e9alit\u00e9 visuelle avec notre \u00e9quipe d\u00e9di\u00e9e, pr\u00eate \u00e0 vous accompagner \u00e0 chaque \u00e9tape.\t\t\t\t\t<\/p>\n\t\t\t\t\n\t\t\t<\/div>\n\t\t\t\n\t\t<\/div>\n\t\t\t\t\t\t<\/div>\n\t\t\t\t<\/div>\n\t\t\t\t<\/div>\n\t\t<div class=\"elementor-element elementor-element-29303c4 e-con-full e-flex e-con e-child\" data-id=\"29303c4\" data-element_type=\"container\">\n\t\t\t\t<div class=\"elementor-element elementor-element-5b39ddd elementor-widget elementor-widget-call-to-action\" data-id=\"5b39ddd\" data-element_type=\"widget\" data-widget_type=\"call-to-action.default\">\n\t\t\t\t<div class=\"elementor-widget-container\">\n\t\t\t\t\t \t\t\t\t<\/div>\n\t\t\t\t<\/div>\n\t\t\t\t<\/div>\n\t\t\t\t<\/div>\n\t\t<div class=\"elementor-element elementor-element-8c0d644 e-con-full e-flex e-con e-parent\" data-id=\"8c0d644\" data-element_type=\"container\" data-settings=\"{&quot;background_background&quot;:&quot;classic&quot;}\">\n\t\t<div class=\"elementor-element elementor-element-96b1824 e-con-full e-flex e-con e-child\" data-id=\"96b1824\" data-element_type=\"container\" data-settings=\"{&quot;background_background&quot;:&quot;classic&quot;}\">\n\t\t\t\t<div class=\"elementor-element elementor-element-9fac6f0 elementor-widget elementor-widget-icon-box\" data-id=\"9fac6f0\" data-element_type=\"widget\" data-widget_type=\"icon-box.default\">\n\t\t\t\t<div class=\"elementor-widget-container\">\n\t\t\t\t\t\t\t<div class=\"elementor-icon-box-wrapper\">\n\n\t\t\t\n\t\t\t\t\t\t<div class=\"elementor-icon-box-content\">\n\n\t\t\t\t\t\t\t\t\t<h3 class=\"elementor-icon-box-title\">\n\t\t\t\t\t\t<span  >\n\t\t\t\t\t\t\tCin\u00e9matiques de Qualit\u00e9\t\t\t\t\t\t<\/span>\n\t\t\t\t\t<\/h3>\n\t\t\t\t\n\t\t\t\t\t\t\t\t\t<p class=\"elementor-icon-box-description\">\n\t\t\t\t\t\tExplorez l'art de la cin\u00e9matique avec Structiv3D. Nous cr\u00e9ons des exp\u00e9riences visuelles captivantes qui allient technologie et cr\u00e9ativit\u00e9. Qu'il s'agisse de court-m\u00e9trages, de publicit\u00e9s, ou de pr\u00e9sentations architecturales, nous sommes l\u00e0 pour donner vie \u00e0 vos id\u00e9es. Nos animations sont con\u00e7ues pour captiver votre public, en alliant innovation et esth\u00e9tique. D\u00e9couvrez comment notre savoir-faire peut transformer vos projets en r\u00e9cits visuels m\u00e9morables.\t\t\t\t\t<\/p>\n\t\t\t\t\n\t\t\t<\/div>\n\t\t\t\n\t\t<\/div>\n\t\t\t\t\t\t<\/div>\n\t\t\t\t<\/div>\n\t\t\t\t<\/div>\n\t\t<div class=\"elementor-element elementor-element-29303c4 e-con-full e-flex e-con e-child\" data-id=\"29303c4\" data-element_type=\"container\">\n\t\t\t\t<div class=\"elementor-element elementor-element-5b39ddd elementor-widget elementor-widget-call-to-action\" data-id=\"5b39ddd\" data-element_type=\"widget\" data-widget_type=\"call-to-action.default\">\n\t\t\t\t<div class=\"elementor-widget-container\">\n\t\t\t\t\t \t\t\t\t<\/div>\n\t\t\t\t<\/div>\n\t\t\t\t<\/div>\n\t\t\t\t<\/div>\n\t\t<div class=\"elementor-element elementor-element-8c0d644 e-con-full e-flex e-con e-parent\" data-id=\"8c0d644\" data-element_type=\"container\" data-settings=\"{&quot;background_background&quot;:&quot;classic&quot;}\">\n\t\t<div class=\"elementor-element elementor-element-96b1824 e-con-full e-flex e-con e-child\" data-id=\"96b1824\" data-element_type=\"container\" data-settings=\"{&quot;background_background&quot;:&quot;classic&quot;}\">\n\t\t\t\t<div class=\"elementor-element elementor-element-9fac6f0 elementor-widget elementor-widget-icon-box\" data-id=\"9fac6f0\" data-element_type=\"widget\" data-widget_type=\"icon-box.default\">\n\t\t\t\t<div class=\"elementor-widget-container\">\n\t\t\t\t\t\t\t<div class=\"elementor-icon-box-wrapper\">\n\n\t\t\t\n\t\t\t\t\t\t<div class=\"elementor-icon-box-content\">\n\n\t\t\t\t\t\t\t\t\t<h3 class=\"elementor-icon-box-title\">\n\t\t\t\t\t\t<span  >\n\t\t\t\t\t\t\tStrat\u00e9gies Visuelles\t\t\t\t\t\t<\/span>\n\t\t\t\t\t<\/h3>\n\t\t\t\t\n\t\t\t\t\t\t\t\t\t<p class=\"elementor-icon-box-description\">\n\t\t\t\t\t\tD\u00e9couvrez comment nos solutions innovantes transforment vos projets en \u0153uvres d'art visuelles. Chaque d\u00e9tail compte, de la mod\u00e9lisation 3D aux effets cin\u00e9matiques, notre \u00e9quipe s'engage \u00e0 fournir des r\u00e9sultats de premier choix adapt\u00e9s \u00e0 vos besoins. Avec un regard pr\u00e9cis sur l'esth\u00e9tique et la fonctionnalit\u00e9, nous cr\u00e9ons des exp\u00e9riences qui captivent et inspirent.\t\t\t\t\t<\/p>\n\t\t\t\t\n\t\t\t<\/div>\n\t\t\t\n\t\t<\/div>\n\t\t\t\t\t\t<\/div>\n\t\t\t\t<\/div>\n\t\t\t\t<\/div>\n\t\t<div class=\"elementor-element elementor-element-29303c4 e-con-full e-flex e-con e-child\" data-id=\"29303c4\" data-element_type=\"container\">\n\t\t\t\t<div class=\"elementor-element elementor-element-5b39ddd elementor-widget elementor-widget-call-to-action\" data-id=\"5b39ddd\" data-element_type=\"widget\" data-widget_type=\"call-to-action.default\">\n\t\t\t\t<div class=\"elementor-widget-container\">\n\t\t\t\t\t \t\t\t\t<\/div>\n\t\t\t\t<\/div>\n\t\t\t\t<\/div>\n\t\t\t\t<\/div>\n\t\t<div class=\"elementor-element elementor-element-8c0d644 e-con-full e-flex e-con e-parent\" data-id=\"8c0d644\" data-element_type=\"container\" data-settings=\"{&quot;background_background&quot;:&quot;classic&quot;}\">\n\t\t<div class=\"elementor-element elementor-element-96b1824 e-con-full e-flex e-con e-child\" data-id=\"96b1824\" data-element_type=\"container\" data-settings=\"{&quot;background_background&quot;:&quot;classic&quot;}\">\n\t\t\t\t<div class=\"elementor-element elementor-element-9fac6f0 elementor-widget elementor-widget-icon-box\" data-id=\"9fac6f0\" data-element_type=\"widget\" data-widget_type=\"icon-box.default\">\n\t\t\t\t<div class=\"elementor-widget-container\">\n\t\t\t\t\t\t\t<div class=\"elementor-icon-box-wrapper\">\n\n\t\t\t\n\t\t\t\t\t\t<div class=\"elementor-icon-box-content\">\n\n\t\t\t\t\t\t\t\t\t<h3 class=\"elementor-icon-box-title\">\n\t\t\t\t\t\t<span  >\n\t\t\t\t\t\t\tRendements Architecturaux\t\t\t\t\t\t<\/span>\n\t\t\t\t\t<\/h3>\n\t\t\t\t\n\t\t\t\t\t\t\t\t\t<p class=\"elementor-icon-box-description\">\n\t\t\t\t\t\tD\u00e9couvrez l'excellence de nos rendus architecturaux. Chaque image du carrousel illustre notre capacit\u00e9 \u00e0 refl\u00e9ter la r\u00e9alit\u00e9 de mani\u00e8re pr\u00e9cise et immersive. Avec une attention m\u00e9ticuleuse aux d\u00e9tails, nous transformons vos visions en rendus saisissants. Faites le premier pas vers l'\u00e9l\u00e9gance en demandant un devis d\u00e8s aujourd'hui.\t\t\t\t\t<\/p>\n\t\t\t\t\n\t\t\t<\/div>\n\t\t\t\n\t\t<\/div>\n\t\t\t\t\t\t<\/div>\n\t\t\t\t<\/div>\n\t\t\t\t<\/div>\n\t\t<div class=\"elementor-element elementor-element-29303c4 e-con-full e-flex e-con e-child\" data-id=\"29303c4\" data-element_type=\"container\">\n\t\t\t\t<div class=\"elementor-element elementor-element-5b39ddd elementor-widget elementor-widget-call-to-action\" data-id=\"5b39ddd\" data-element_type=\"widget\" data-widget_type=\"call-to-action.default\">\n\t\t\t\t<div class=\"elementor-widget-container\">\n\t\t\t\t\t \t\t\t\t<\/div>\n\t\t\t\t<\/div>\n\t\t\t\t<\/div>\n\t\t\t\t<\/div>\n\t\t<div class=\"elementor-element elementor-element-55e62db e-flex e-con-boxed e-con e-parent\" data-id=\"55e62db\" data-element_type=\"container\" data-settings=\"{&quot;background_background&quot;:&quot;classic&quot;}\">\n\t\t\t\t\t<div class=\"e-con-inner\">\n\t\t<div class=\"elementor-element elementor-element-0af060c e-flex e-con-boxed e-con e-child\" data-id=\"0af060c\" data-element_type=\"container\" data-settings=\"{&quot;background_background&quot;:&quot;classic&quot;}\">\n\t\t\t\t\t<div class=\"e-con-inner\">\n\t\t\t\t<div class=\"elementor-element elementor-element-b7e3d01 elementor-widget elementor-widget-heading\" data-id=\"b7e3d01\" data-element_type=\"widget\" data-widget_type=\"heading.default\">\n\t\t\t\t<div class=\"elementor-widget-container\">\n\t\t\t\t\t<h2 class=\"elementor-heading-title elementor-size-default\">Obtenez votre devis personnalis\u00e9 d\u00e8s maintenant<\/h2>\t\t\t\t<\/div>\n\t\t\t\t<\/div>\n\t\t\t\t<div class=\"elementor-element elementor-element-4cbe6b4 elementor-widget elementor-widget-text-editor\" data-id=\"4cbe6b4\" data-element_type=\"widget\" data-widget_type=\"text-editor.default\">\n\t\t\t\t<div class=\"elementor-widget-container\">\n\t\t\t\t\t\t\t\t\t<p>Vos projets m\u00e9ritent une attention particuli\u00e8re. Contactez-nous pour discuter de votre vision et recevoir un devis adapt\u00e9 \u00e0 vos besoins.<\/p>\t\t\t\t\t\t\t\t<\/div>\n\t\t\t\t<\/div>\n\t\t\t\t<div class=\"elementor-element elementor-element-420ac91 elementor-widget__width-auto elementor-align-right elementor-widget elementor-widget-button\" data-id=\"420ac91\" data-element_type=\"widget\" data-widget_type=\"button.default\">\n\t\t\t\t<div class=\"elementor-widget-container\">\n\t\t\t\t\t\t\t\t\t<div class=\"elementor-button-wrapper\">\n\t\t\t\t\t<a class=\"elementor-button elementor-button-link elementor-size-sm\" href=\"#\">\n\t\t\t\t\t\t<span class=\"elementor-button-content-wrapper\">\n\t\t\t\t\t\t\t\t\t<span class=\"elementor-button-text\">Nous contacter<\/span>\n\t\t\t\t\t<\/span>\n\t\t\t\t\t<\/a>\n\t\t\t\t<\/div>\n\t\t\t\t\t\t\t\t<\/div>\n\t\t\t\t<\/div>\n\t\t\t\t\t<\/div>\n\t\t\t\t<\/div>\n\t\t\t\t\t<\/div>\n\t\t\t\t<\/div>\n\t\t\t\t<\/div>","protected":false},"excerpt":{"rendered":"<p>D\u00e9couvrez nos services 3D Structiv3D vous offre une expertise in\u00e9gal\u00e9e en mod\u00e9lisation, cin\u00e9matiques, effets visuels et rendus architecturaux. Faites confiance \u00e0 nos professionnels pour donner vie \u00e0 vos projets de mani\u00e8re moderne et haut de gamme. Mod\u00e9lisation 3D de Pr\u00e9cision Chez Structiv3D, nous allions innovation et savoir-faire pour vous offrir des mod\u00e8les 3D d\u2019une grande [&hellip;]<\/p>","protected":false},"author":1,"featured_media":0,"parent":0,"menu_order":0,"comment_status":"closed","ping_status":"closed","template":"","meta":{"footnotes":""},"class_list":["post-1040","page","type-page","status-publish","hentry"],"_links":{"self":[{"href":"https:\/\/structiv3d.com\/en\/wp-json\/wp\/v2\/pages\/1040","targetHints":{"allow":["GET"]}}],"collection":[{"href":"https:\/\/structiv3d.com\/en\/wp-json\/wp\/v2\/pages"}],"about":[{"href":"https:\/\/structiv3d.com\/en\/wp-json\/wp\/v2\/types\/page"}],"author":[{"embeddable":true,"href":"https:\/\/structiv3d.com\/en\/wp-json\/wp\/v2\/users\/1"}],"replies":[{"embeddable":true,"href":"https:\/\/structiv3d.com\/en\/wp-json\/wp\/v2\/comments?post=1040"}],"version-history":[{"count":0,"href":"https:\/\/structiv3d.com\/en\/wp-json\/wp\/v2\/pages\/1040\/revisions"}],"wp:attachment":[{"href":"https:\/\/structiv3d.com\/en\/wp-json\/wp\/v2\/media?parent=1040"}],"curies":[{"name":"wp","href":"https:\/\/api.w.org\/{rel}","templated":true}]}}