{"id":1043,"date":"2026-01-15T10:54:20","date_gmt":"2026-01-15T09:54:20","guid":{"rendered":"https:\/\/structiv3d.com\/galerie-3\/"},"modified":"2026-01-15T10:54:27","modified_gmt":"2026-01-15T09:54:27","slug":"galerie-3","status":"publish","type":"page","link":"https:\/\/structiv3d.com\/en\/galerie-3\/","title":{"rendered":"Galerie"},"content":{"rendered":"<div data-elementor-type=\"wp-page\" data-elementor-id=\"1043\" class=\"elementor elementor-1043\">\n\t\t\t\t<div class=\"elementor-element elementor-element-6185da5 e-flex e-con-boxed e-con e-parent\" data-id=\"6185da5\" data-element_type=\"container\" data-settings=\"{&quot;background_background&quot;:&quot;classic&quot;}\">\n\t\t\t\t\t<div class=\"e-con-inner\">\n\t\t<div class=\"elementor-element elementor-element-acd8a42 e-con-full e-flex e-con e-child\" data-id=\"acd8a42\" data-element_type=\"container\">\n\t\t\t\t<div class=\"elementor-element elementor-element-0e68898 elementor-widget elementor-widget-heading\" data-id=\"0e68898\" data-element_type=\"widget\" data-widget_type=\"heading.default\">\n\t\t\t\t<div class=\"elementor-widget-container\">\n\t\t\t\t\t<h2 class=\"elementor-heading-title elementor-size-default\">D\u00e9couvrez l\u2019art 3D au sommet<\/h2>\t\t\t\t<\/div>\n\t\t\t\t<\/div>\n\t\t\t\t<\/div>\n\t\t<div class=\"elementor-element elementor-element-8fd0565 e-con-full e-flex e-con e-child\" data-id=\"8fd0565\" data-element_type=\"container\">\n\t\t\t\t<div class=\"elementor-element elementor-element-fb70a6f elementor-widget elementor-widget-text-editor\" data-id=\"fb70a6f\" data-element_type=\"widget\" data-widget_type=\"text-editor.default\">\n\t\t\t\t<div class=\"elementor-widget-container\">\n\t\t\t\t\t\t\t\t\t<p>Plongez dans univers de l\u2019innovation 3D. Nos r\u00e9alisations combinent esth\u00e9tique et technologie pour donner vie \u00e0 vos projets. Avec une approche moderne et accessible, nous transformons vos visions en exp\u00e9riences visuelles inoubliables.<\/p>\t\t\t\t\t\t\t\t<\/div>\n\t\t\t\t<\/div>\n\t\t\t\t<\/div>\n\t\t\t\t\t<\/div>\n\t\t\t\t<\/div>\n\t\t<div class=\"elementor-element elementor-element-69cb08c e-flex e-con-boxed e-con e-parent\" data-id=\"69cb08c\" data-element_type=\"container\" data-settings=\"{&quot;background_background&quot;:&quot;classic&quot;}\">\n\t\t\t\t\t<div class=\"e-con-inner\">\n\t\t<div class=\"elementor-element elementor-element-c4d9a03 e-flex e-con-boxed e-con e-child\" data-id=\"c4d9a03\" data-element_type=\"container\">\n\t\t\t\t\t<div class=\"e-con-inner\">\n\t\t\t\t<div class=\"elementor-element elementor-element-0974780 elementor-widget elementor-widget-heading\" data-id=\"0974780\" data-element_type=\"widget\" data-widget_type=\"heading.default\">\n\t\t\t\t<div class=\"elementor-widget-container\">\n\t\t\t\t\t<h5 class=\"elementor-heading-title elementor-size-default\">L'art de la 3D<\/h5>\t\t\t\t<\/div>\n\t\t\t\t<\/div>\n\t\t\t\t<div class=\"elementor-element elementor-element-114d0ca elementor-widget elementor-widget-heading\" data-id=\"114d0ca\" data-element_type=\"widget\" data-widget_type=\"heading.default\">\n\t\t\t\t<div class=\"elementor-widget-container\">\n\t\t\t\t\t<h2 class=\"elementor-heading-title elementor-size-default\">Nos Projets<\/h2>\t\t\t\t<\/div>\n\t\t\t\t<\/div>\n\t\t\t\t\t<\/div>\n\t\t\t\t<\/div>\n\t\t<div class=\"elementor-element elementor-element-5b681ef e-con-full e-flex e-con e-child\" data-id=\"5b681ef\" data-element_type=\"container\">\n\t\t\t\t<div class=\"elementor-element elementor-element-30d8771 gallery-spacing-espace optimis\u00e9 elementor-widget elementor-widget-image-gallery\" data-id=\"30d8771\" data-element_type=\"widget\" data-widget_type=\"image-gallery.default\">\n\t\t\t\t<div class=\"elementor-widget-container\">\n\t\t\t\t\t\t\t<div class=\"elementor-image-gallery\">\n\t\t\t<div id='gallery-1' class='gallery galleryid-1043 gallery-columns-2 gallery-size-large'><figure class='gallery-item'>\n\t\t\t<div class='gallery-icon landscape'>\n\t\t\t\t<a data-elementor-open-lightbox=\"yes\" data-elementor-lightbox-slideshow=\"30d8771\" data-elementor-lightbox-title=\"wireframe-img-02.png\" data-e-action-hash=\"#elementor-action%3Aaction%3Dlightbox%26settings%3DeyJpZCI6MTA1MSwidXJsIjoiaHR0cHM6XC9cL3N0cnVjdGl2M2QuY29tXC93cC1jb250ZW50XC91cGxvYWRzXC8yMDI2XC8wMVwvd2lyZWZyYW1lLWltZy0wMi0xLnBuZyIsInNsaWRlc2hvdyI6IjMwZDg3NzEifQ%3D%3D\" href='https:\/\/structiv3d.com\/wp-content\/uploads\/2026\/01\/wireframe-img-02-1.png'><img fetchpriority=\"high\" decoding=\"async\" width=\"800\" height=\"450\" src=\"https:\/\/structiv3d.com\/wp-content\/uploads\/2026\/01\/wireframe-img-02-1-1024x576.png\" class=\"attachment-large size-large\" alt=\"\" srcset=\"https:\/\/structiv3d.com\/wp-content\/uploads\/2026\/01\/wireframe-img-02-1-1024x576.png 1024w, https:\/\/structiv3d.com\/wp-content\/uploads\/2026\/01\/wireframe-img-02-1-300x169.png 300w, https:\/\/structiv3d.com\/wp-content\/uploads\/2026\/01\/wireframe-img-02-1-768x432.png 768w, https:\/\/structiv3d.com\/wp-content\/uploads\/2026\/01\/wireframe-img-02-1-1536x864.png 1536w, https:\/\/structiv3d.com\/wp-content\/uploads\/2026\/01\/wireframe-img-02-1-18x10.png 18w, https:\/\/structiv3d.com\/wp-content\/uploads\/2026\/01\/wireframe-img-02-1.png 1920w\" sizes=\"(max-width: 800px) 100vw, 800px\" \/><\/a>\n\t\t\t<\/div><\/figure><figure class='gallery-item'>\n\t\t\t<div class='gallery-icon landscape'>\n\t\t\t\t<a data-elementor-open-lightbox=\"yes\" data-elementor-lightbox-slideshow=\"30d8771\" data-elementor-lightbox-title=\"wireframe-img-03.png\" data-e-action-hash=\"#elementor-action%3Aaction%3Dlightbox%26settings%3DeyJpZCI6MTA1NCwidXJsIjoiaHR0cHM6XC9cL3N0cnVjdGl2M2QuY29tXC93cC1jb250ZW50XC91cGxvYWRzXC8yMDI2XC8wMVwvd2lyZWZyYW1lLWltZy0wMy5wbmciLCJzbGlkZXNob3ciOiIzMGQ4NzcxIn0%3D\" href='https:\/\/structiv3d.com\/wp-content\/uploads\/2026\/01\/wireframe-img-03.png'><img decoding=\"async\" width=\"800\" height=\"450\" src=\"https:\/\/structiv3d.com\/wp-content\/uploads\/2026\/01\/wireframe-img-03-1024x576.png\" class=\"attachment-large size-large\" alt=\"\" srcset=\"https:\/\/structiv3d.com\/wp-content\/uploads\/2026\/01\/wireframe-img-03-1024x576.png 1024w, https:\/\/structiv3d.com\/wp-content\/uploads\/2026\/01\/wireframe-img-03-300x169.png 300w, https:\/\/structiv3d.com\/wp-content\/uploads\/2026\/01\/wireframe-img-03-768x432.png 768w, https:\/\/structiv3d.com\/wp-content\/uploads\/2026\/01\/wireframe-img-03-1536x864.png 1536w, https:\/\/structiv3d.com\/wp-content\/uploads\/2026\/01\/wireframe-img-03-18x10.png 18w, https:\/\/structiv3d.com\/wp-content\/uploads\/2026\/01\/wireframe-img-03.png 1920w\" sizes=\"(max-width: 800px) 100vw, 800px\" \/><\/a>\n\t\t\t<\/div><\/figure><figure class='gallery-item'>\n\t\t\t<div class='gallery-icon landscape'>\n\t\t\t\t<a data-elementor-open-lightbox=\"yes\" data-elementor-lightbox-slideshow=\"30d8771\" data-elementor-lightbox-title=\"wireframe-img-04.png\" data-e-action-hash=\"#elementor-action%3Aaction%3Dlightbox%26settings%3DeyJpZCI6MTA1NSwidXJsIjoiaHR0cHM6XC9cL3N0cnVjdGl2M2QuY29tXC93cC1jb250ZW50XC91cGxvYWRzXC8yMDI2XC8wMVwvd2lyZWZyYW1lLWltZy0wNC5wbmciLCJzbGlkZXNob3ciOiIzMGQ4NzcxIn0%3D\" href='https:\/\/structiv3d.com\/wp-content\/uploads\/2026\/01\/wireframe-img-04.png'><img decoding=\"async\" width=\"800\" height=\"450\" src=\"https:\/\/structiv3d.com\/wp-content\/uploads\/2026\/01\/wireframe-img-04-1024x576.png\" class=\"attachment-large size-large\" alt=\"\" srcset=\"https:\/\/structiv3d.com\/wp-content\/uploads\/2026\/01\/wireframe-img-04-1024x576.png 1024w, https:\/\/structiv3d.com\/wp-content\/uploads\/2026\/01\/wireframe-img-04-300x169.png 300w, https:\/\/structiv3d.com\/wp-content\/uploads\/2026\/01\/wireframe-img-04-768x432.png 768w, https:\/\/structiv3d.com\/wp-content\/uploads\/2026\/01\/wireframe-img-04-1536x864.png 1536w, https:\/\/structiv3d.com\/wp-content\/uploads\/2026\/01\/wireframe-img-04-18x10.png 18w, https:\/\/structiv3d.com\/wp-content\/uploads\/2026\/01\/wireframe-img-04.png 1920w\" sizes=\"(max-width: 800px) 100vw, 800px\" \/><\/a>\n\t\t\t<\/div><\/figure><figure class='gallery-item'>\n\t\t\t<div class='gallery-icon landscape'>\n\t\t\t\t<a data-elementor-open-lightbox=\"yes\" data-elementor-lightbox-slideshow=\"30d8771\" data-elementor-lightbox-title=\"wireframe-img.png\" data-e-action-hash=\"#elementor-action%3Aaction%3Dlightbox%26settings%3DeyJpZCI6MTAwMywidXJsIjoiaHR0cHM6XC9cL3N0cnVjdGl2M2QuY29tXC93cC1jb250ZW50XC91cGxvYWRzXC8yMDI2XC8wMVwvd2lyZWZyYW1lLWltZy0xLnBuZyIsInNsaWRlc2hvdyI6IjMwZDg3NzEifQ%3D%3D\" href='https:\/\/structiv3d.com\/wp-content\/uploads\/2026\/01\/wireframe-img-1.png'><img loading=\"lazy\" decoding=\"async\" width=\"800\" height=\"450\" src=\"https:\/\/structiv3d.com\/wp-content\/uploads\/2026\/01\/wireframe-img-1-1024x576.png\" class=\"attachment-large size-large\" alt=\"\" srcset=\"https:\/\/structiv3d.com\/wp-content\/uploads\/2026\/01\/wireframe-img-1-1024x576.png 1024w, https:\/\/structiv3d.com\/wp-content\/uploads\/2026\/01\/wireframe-img-1-300x169.png 300w, https:\/\/structiv3d.com\/wp-content\/uploads\/2026\/01\/wireframe-img-1-768x432.png 768w, https:\/\/structiv3d.com\/wp-content\/uploads\/2026\/01\/wireframe-img-1-1536x864.png 1536w, https:\/\/structiv3d.com\/wp-content\/uploads\/2026\/01\/wireframe-img-1-18x10.png 18w, https:\/\/structiv3d.com\/wp-content\/uploads\/2026\/01\/wireframe-img-1.png 1920w\" sizes=\"(max-width: 800px) 100vw, 800px\" \/><\/a>\n\t\t\t<\/div><\/figure>\n\t\t<\/div>\n\t\t<\/div>\n\t\t\t\t\t\t<\/div>\n\t\t\t\t<\/div>\n\t\t\t\t<\/div>\n\t\t\t\t\t<\/div>\n\t\t\t\t<\/div>\n\t\t<div class=\"elementor-element elementor-element-5a42c8c e-flex e-con-boxed e-con e-parent\" data-id=\"5a42c8c\" data-element_type=\"container\" data-settings=\"{&quot;background_background&quot;:&quot;classic&quot;}\">\n\t\t\t\t\t<div class=\"e-con-inner\">\n\t\t<div class=\"elementor-element elementor-element-542b1c5 e-con-full e-flex e-con e-child\" data-id=\"542b1c5\" data-element_type=\"container\">\n\t\t\t\t<div class=\"elementor-element elementor-element-d31a149 elementor-widget elementor-widget-heading\" data-id=\"d31a149\" data-element_type=\"widget\" data-widget_type=\"heading.default\">\n\t\t\t\t<div class=\"elementor-widget-container\">\n\t\t\t\t\t<h2 class=\"elementor-heading-title elementor-size-default\">T\u00e9moignages de clients<\/h2>\t\t\t\t<\/div>\n\t\t\t\t<\/div>\n\t\t\t\t<div class=\"elementor-element elementor-element-ee97269 elementor-widget elementor-widget-heading\" data-id=\"ee97269\" data-element_type=\"widget\" data-widget_type=\"heading.default\">\n\t\t\t\t<div class=\"elementor-widget-container\">\n\t\t\t\t\t<h3 class=\"elementor-heading-title elementor-size-default\">Nos clients appr\u00e9cient notre collaboration, voici leurs retours!<\/h3>\t\t\t\t<\/div>\n\t\t\t\t<\/div>\n\t\t\t\t<\/div>\n\t\t\t\t<div class=\"elementor-element elementor-element-7e3f1be elementor-widget elementor-widget-testimonial-carousel\" data-id=\"7e3f1be\" data-element_type=\"widget\" data-widget_type=\"testimonial-carousel.default\">\n\t\t\t\t<div class=\"elementor-widget-container\">\n\t\t\t\t\t \t\t\t\t<\/div>\n\t\t\t\t<\/div>\n\t\t\t\t\t<\/div>\n\t\t\t\t<\/div>\n\t\t<div class=\"elementor-element elementor-element-de03d44 e-con-full e-flex e-con e-parent\" data-id=\"de03d44\" data-element_type=\"container\">\n\t\t<div class=\"elementor-element elementor-element-8c69c24 e-con-full e-flex e-con e-child\" data-id=\"8c69c24\" data-element_type=\"container\" data-settings=\"{&quot;background_background&quot;:&quot;classic&quot;}\">\n\t\t\t\t<div class=\"elementor-element elementor-element-ffb2a8e elementor-widget elementor-widget-heading\" data-id=\"ffb2a8e\" data-element_type=\"widget\" data-widget_type=\"heading.default\">\n\t\t\t\t<div class=\"elementor-widget-container\">\n\t\t\t\t\t<h5 class=\"elementor-heading-title elementor-size-default\">\u00c9levez vos projets<\/h5>\t\t\t\t<\/div>\n\t\t\t\t<\/div>\n\t\t\t\t<div class=\"elementor-element elementor-element-ca59447 elementor-widget elementor-widget-heading\" data-id=\"ca59447\" data-element_type=\"widget\" data-widget_type=\"heading.default\">\n\t\t\t\t<div class=\"elementor-widget-container\">\n\t\t\t\t\t<h2 class=\"elementor-heading-title elementor-size-default\">Pr\u00eat \u00e0 donner vie \u00e0 vos id\u00e9es ? Contactez-nous pour discuter !<\/h2>\t\t\t\t<\/div>\n\t\t\t\t<\/div>\n\t\t\t\t<div class=\"elementor-element elementor-element-a7962cb elementor-widget__width-auto elementor-widget elementor-widget-button\" data-id=\"a7962cb\" data-element_type=\"widget\" data-widget_type=\"button.default\">\n\t\t\t\t<div class=\"elementor-widget-container\">\n\t\t\t\t\t\t\t\t\t<div class=\"elementor-button-wrapper\">\n\t\t\t\t\t<a class=\"elementor-button elementor-button-link elementor-size-sm\" href=\"#\">\n\t\t\t\t\t\t<span class=\"elementor-button-content-wrapper\">\n\t\t\t\t\t\t\t\t\t<span class=\"elementor-button-text\">Contactez-nous<\/span>\n\t\t\t\t\t<\/span>\n\t\t\t\t\t<\/a>\n\t\t\t\t<\/div>\n\t\t\t\t\t\t\t\t<\/div>\n\t\t\t\t<\/div>\n\t\t\t\t<\/div>\n\t\t<div class=\"elementor-element elementor-element-d01937b e-con-full e-flex e-con e-child\" data-id=\"d01937b\" data-element_type=\"container\">\n\t\t\t\t<div class=\"elementor-element elementor-element-7c4b24e elementor-widget elementor-widget-call-to-action\" data-id=\"7c4b24e\" data-element_type=\"widget\" data-widget_type=\"call-to-action.default\">\n\t\t\t\t<div class=\"elementor-widget-container\">\n\t\t\t\t\t \t\t\t\t<\/div>\n\t\t\t\t<\/div>\n\t\t\t\t<\/div>\n\t\t\t\t<\/div>\n\t\t<div class=\"elementor-element elementor-element-68ca773 e-flex e-con-boxed e-con e-parent\" data-id=\"68ca773\" data-element_type=\"container\" data-settings=\"{&quot;background_background&quot;:&quot;classic&quot;}\">\n\t\t\t\t\t<div class=\"e-con-inner\">\n\t\t<div class=\"elementor-element elementor-element-5f41a01 e-con-full e-flex e-con e-child\" data-id=\"5f41a01\" data-element_type=\"container\">\n\t\t\t\t<div class=\"elementor-element elementor-element-54cd6c4 elementor-widget elementor-widget-image\" data-id=\"54cd6c4\" data-element_type=\"widget\" data-widget_type=\"image.default\">\n\t\t\t\t<div class=\"elementor-widget-container\">\n\t\t\t\t\t\t\t\t\t\t\t\t\t\t\t<img loading=\"lazy\" decoding=\"async\" width=\"1920\" height=\"1080\" src=\"https:\/\/structiv3d.com\/wp-content\/uploads\/2026\/01\/placeholder-demo-image-marquee-616x400-1.jpg\" class=\"attachment-full size-full wp-image-1057\" alt=\"\" srcset=\"https:\/\/structiv3d.com\/wp-content\/uploads\/2026\/01\/placeholder-demo-image-marquee-616x400-1.jpg 1920w, https:\/\/structiv3d.com\/wp-content\/uploads\/2026\/01\/placeholder-demo-image-marquee-616x400-1-300x169.jpg 300w, https:\/\/structiv3d.com\/wp-content\/uploads\/2026\/01\/placeholder-demo-image-marquee-616x400-1-1024x576.jpg 1024w, https:\/\/structiv3d.com\/wp-content\/uploads\/2026\/01\/placeholder-demo-image-marquee-616x400-1-768x432.jpg 768w, https:\/\/structiv3d.com\/wp-content\/uploads\/2026\/01\/placeholder-demo-image-marquee-616x400-1-1536x864.jpg 1536w, https:\/\/structiv3d.com\/wp-content\/uploads\/2026\/01\/placeholder-demo-image-marquee-616x400-1-18x10.jpg 18w\" sizes=\"(max-width: 1920px) 100vw, 1920px\" \/>\t\t\t\t\t\t\t\t\t\t\t\t\t\t\t<\/div>\n\t\t\t\t<\/div>\n\t\t\t\t<\/div>\n\t\t<div class=\"elementor-element elementor-element-ca047e2 e-con-full e-flex e-con e-child\" data-id=\"ca047e2\" data-element_type=\"container\">\n\t\t\t\t<div class=\"elementor-element elementor-element-eeba2e9 elementor-widget elementor-widget-heading\" data-id=\"eeba2e9\" data-element_type=\"widget\" data-widget_type=\"heading.default\">\n\t\t\t\t<div class=\"elementor-widget-container\">\n\t\t\t\t\t<h2 class=\"elementor-heading-title elementor-size-default\">Suivez-nous sur les r\u00e9seaux sociaux<\/h2>\t\t\t\t<\/div>\n\t\t\t\t<\/div>\n\t\t\t\t<div class=\"elementor-element elementor-element-74daa8a elementor-widget elementor-widget-text-editor\" data-id=\"74daa8a\" data-element_type=\"widget\" data-widget_type=\"text-editor.default\">\n\t\t\t\t<div class=\"elementor-widget-container\">\n\t\t\t\t\t\t\t\t\t<p>Connectez-vous avec nous sur Instagram, LinkedIn et TikTok. Restez inform\u00e9s de nos projets, obtenez des aper\u00e7us exclusifs de notre travail et participez \u00e0 notre communaut\u00e9 en pleine croissance.<\/p>\t\t\t\t\t\t\t\t<\/div>\n\t\t\t\t<\/div>\n\t\t<div class=\"elementor-element elementor-element-63af87f e-flex e-con-boxed e-con e-child\" data-id=\"63af87f\" data-element_type=\"container\">\n\t\t\t\t\t<div class=\"e-con-inner\">\n\t\t\t\t<div class=\"elementor-element elementor-element-e7336a5 elementor-widget__width-auto elementor-widget elementor-widget-button\" data-id=\"e7336a5\" data-element_type=\"widget\" data-widget_type=\"button.default\">\n\t\t\t\t<div class=\"elementor-widget-container\">\n\t\t\t\t\t\t\t\t\t<div class=\"elementor-button-wrapper\">\n\t\t\t\t\t<a class=\"elementor-button elementor-button-link elementor-size-sm\" href=\"#\">\n\t\t\t\t\t\t<span class=\"elementor-button-content-wrapper\">\n\t\t\t\t\t\t\t\t\t<span class=\"elementor-button-text\">Nous suivre<\/span>\n\t\t\t\t\t<\/span>\n\t\t\t\t\t<\/a>\n\t\t\t\t<\/div>\n\t\t\t\t\t\t\t\t<\/div>\n\t\t\t\t<\/div>\n\t\t\t\t\t<\/div>\n\t\t\t\t<\/div>\n\t\t\t\t<\/div>\n\t\t\t\t\t<\/div>\n\t\t\t\t<\/div>\n\t\t\t\t<\/div>","protected":false},"excerpt":{"rendered":"<p>D\u00e9couvrez l\u2019art 3D au sommet Plongez dans univers de l\u2019innovation 3D. Nos r\u00e9alisations combinent esth\u00e9tique et technologie pour donner vie \u00e0 vos projets. Avec une approche moderne et accessible, nous transformons vos visions en exp\u00e9riences visuelles inoubliables. L&rsquo;art de la 3D Nos Projets T\u00e9moignages de clients Nos clients appr\u00e9cient notre collaboration, voici leurs retours! \u00c9levez [&hellip;]<\/p>","protected":false},"author":1,"featured_media":0,"parent":0,"menu_order":0,"comment_status":"closed","ping_status":"closed","template":"","meta":{"footnotes":""},"class_list":["post-1043","page","type-page","status-publish","hentry"],"_links":{"self":[{"href":"https:\/\/structiv3d.com\/en\/wp-json\/wp\/v2\/pages\/1043","targetHints":{"allow":["GET"]}}],"collection":[{"href":"https:\/\/structiv3d.com\/en\/wp-json\/wp\/v2\/pages"}],"about":[{"href":"https:\/\/structiv3d.com\/en\/wp-json\/wp\/v2\/types\/page"}],"author":[{"embeddable":true,"href":"https:\/\/structiv3d.com\/en\/wp-json\/wp\/v2\/users\/1"}],"replies":[{"embeddable":true,"href":"https:\/\/structiv3d.com\/en\/wp-json\/wp\/v2\/comments?post=1043"}],"version-history":[{"count":0,"href":"https:\/\/structiv3d.com\/en\/wp-json\/wp\/v2\/pages\/1043\/revisions"}],"wp:attachment":[{"href":"https:\/\/structiv3d.com\/en\/wp-json\/wp\/v2\/media?parent=1043"}],"curies":[{"name":"wp","href":"https:\/\/api.w.org\/{rel}","templated":true}]}}